{"id":13,"date":"2023-02-12T21:21:40","date_gmt":"2023-02-12T21:21:40","guid":{"rendered":"https:\/\/dpd2.ase.ro\/?page_id=13"},"modified":"2023-06-13T14:15:23","modified_gmt":"2023-06-13T14:15:23","slug":"home","status":"publish","type":"page","link":"https:\/\/dpd2.ase.ro\/","title":{"rendered":"Home"},"content":{"rendered":"\n<div class=\"wp-block-cover alignfull is-light hestia-clear-top-padding\"><span aria-hidden=\"true\" class=\"wp-block-cover__background has-white-background-color has-background-dim-100 has-background-dim\"><\/span><div class=\"wp-block-cover__inner-container is-layout-flow wp-block-cover-is-layout-flow\">\n<h2 class=\"has-text-align-center has-text-color wp-block-heading\" style=\"color:#3c4858\">Parteneri<\/h2>\n\n\n\n<div style=\"height:40px\" aria-hidden=\"true\" class=\"wp-block-spacer\"><\/div>\n\n\n\n<div class=\"wp-block-columns container is-layout-flex wp-container-core-columns-is-layout-9d6595d7 wp-block-columns-is-layout-flex\">\n<div class=\"wp-block-column is-layout-flow wp-block-column-is-layout-flow\"><div class=\"wp-block-image\">\n<figure class=\"aligncenter size-large\"><img decoding=\"async\" src=\"https:\/\/dpd2.ase.ro\/wp-content\/themes\/hestia\/assets\/img\/feat1.png\" alt=\"\" class=\"wp-image-70\"\/><\/figure>\n<\/div>\n\n\n<h5 class=\"has-text-align-center has-text-color wp-block-heading\" style=\"color:#3c4858;font-size:18px\">Parteneri din Norvegia<\/h5>\n\n\n\n<p class=\"has-text-align-center has-small-font-size\">Serviciul Na\u021bional al Investiga\u021biilor Criminale (KRIPOS)<\/p>\n\n\n\n<p class=\"has-text-align-center has-small-font-size\">Universitatea pentru \u0218tiin\u021b\u0103 \u0219i Tehnologie (NTNU)<\/p>\n\n\n\n<p class=\"has-text-align-center has-small-font-size\">Districtul Poli\u021biei din Oslo<\/p>\n\n\n\n<p class=\"has-text-align-center has-small-font-size\">Districtul Poli\u021biei din Sud-Vest<\/p>\n\n\n\n<p class=\"has-text-align-center has-small-font-size\">Autoritatea Na\u021bional\u0103 pentru Investiga\u021bii \u0219i Incriminarea Infrac\u021biunilor Economice \u0219i de Mediu (\u00d8KOKRIM)<\/p>\n\n\n\n<div style=\"height:25px\" aria-hidden=\"true\" class=\"wp-block-spacer\"><\/div>\n<\/div>\n\n\n\n<div class=\"wp-block-column is-layout-flow wp-block-column-is-layout-flow\"><div class=\"wp-block-image\">\n<figure class=\"aligncenter size-large\"><img decoding=\"async\" src=\"https:\/\/dpd2.ase.ro\/wp-content\/themes\/hestia\/assets\/img\/feat2.png\" alt=\"\" class=\"wp-image-71\"\/><\/figure>\n<\/div>\n\n\n<h5 class=\"has-text-align-center has-text-color wp-block-heading\" style=\"color:#3c4858;font-size:18px\">Parteneri din Rom\u00e2nia<\/h5>\n\n\n\n<p class=\"has-text-align-center has-small-font-size\">Inspectoratul General al Poli\u021biei Rom\u00e2ne (IGPR)<\/p>\n\n\n\n<p class=\"has-text-align-center has-small-font-size\">Agen\u021bia Na\u021bional\u0103 \u00cempotriva Traficului de Persoane (ANITP)<\/p>\n\n\n\n<div style=\"height:25px\" aria-hidden=\"true\" class=\"wp-block-spacer\"><\/div>\n<\/div>\n\n\n\n<div class=\"wp-block-column is-layout-flow wp-block-column-is-layout-flow\"><div class=\"wp-block-image\">\n<figure class=\"aligncenter size-large\"><img decoding=\"async\" src=\"https:\/\/dpd2.ase.ro\/wp-content\/themes\/hestia\/assets\/img\/feat3.png\" alt=\"\" class=\"wp-image-72\"\/><\/figure>\n<\/div>\n\n\n<h5 class=\"has-text-align-center has-text-color wp-block-heading\" style=\"color:#3c4858;font-size:18px\">Partener academic<\/h5>\n\n\n\n<p class=\"has-text-align-center has-black-color has-text-color\" style=\"font-size:14px\">Academia de Studii Economice din Bucure\u0219ti.<\/p>\n\n\n\n<div style=\"height:25px\" aria-hidden=\"true\" class=\"wp-block-spacer\"><\/div>\n<\/div>\n<\/div>\n\n\n\n<div style=\"height:40px\" aria-hidden=\"true\" class=\"wp-block-spacer\"><\/div>\n<\/div><\/div>\n\n\n\n<div class=\"wp-block-columns container is-layout-flex wp-container-core-columns-is-layout-9d6595d7 wp-block-columns-is-layout-flex\"><\/div>\n\n\n\n<h2 class=\"wp-block-heading\">Proiectul <strong>PDP2 \u201c\u00cent\u0103rirea capacit\u0103\u0163ilor na\u0163ionale \u00een domeniul cooper\u0103rii poli\u0163iene\u015fti interna\u0163ionale \u015fi combaterea infrac\u021bionalit\u0103\u021bii<\/strong><\/h2>\n\n\n\n<p>Este finan\u021bat prin Mecanismul Financiar Norvegian 2014-2020, Aria de program 20 , Proiect predefinit nr. 2 \u2013 \u201e<em>Consolidarea capacit\u0103\u021bilor na\u021bionale \u00een domeniul cooper\u0103rii poli\u021biene\u0219ti interna\u021bionale \u0219i combaterea criminalit\u0103\u021bii<\/em>\u201d Inspectoratul General al Politiei Romane a dezvoltat o retea de parteneriate nationale si internationale menite sa sustina obiectivele asumate.<\/p>\n","protected":false},"excerpt":{"rendered":"<p>Proiectul PDP2 \u201c\u00cent\u0103rirea capacit\u0103\u0163ilor na\u0163ionale \u00een domeniul cooper\u0103rii poli\u0163iene\u015fti interna\u0163ionale \u015fi combaterea infrac\u021bionalit\u0103\u021bii Este finan\u021bat prin Mecanismul Financiar Norvegian 2014-2020, Aria de program 20 , Proiect predefinit nr. 2 \u2013 \u201eConsolidarea capacit\u0103\u021bilor na\u021bionale \u00een domeniul cooper\u0103rii poli\u021biene\u0219ti interna\u021bionale \u0219i combaterea criminalit\u0103\u021bii\u201d Inspectoratul General al Politiei Romane a dezvoltat o retea [&hellip;]<\/p>\n","protected":false},"author":1,"featured_media":0,"parent":0,"menu_order":0,"comment_status":"closed","ping_status":"closed","template":"","meta":{"footnotes":""},"class_list":["post-13","page","type-page","status-publish","hentry"],"_links":{"self":[{"href":"https:\/\/dpd2.ase.ro\/index.php?rest_route=\/wp\/v2\/pages\/13","targetHints":{"allow":["GET"]}}],"collection":[{"href":"https:\/\/dpd2.ase.ro\/index.php?rest_route=\/wp\/v2\/pages"}],"about":[{"href":"https:\/\/dpd2.ase.ro\/index.php?rest_route=\/wp\/v2\/types\/page"}],"author":[{"embeddable":true,"href":"https:\/\/dpd2.ase.ro\/index.php?rest_route=\/wp\/v2\/users\/1"}],"replies":[{"embeddable":true,"href":"https:\/\/dpd2.ase.ro\/index.php?rest_route=%2Fwp%2Fv2%2Fcomments&post=13"}],"version-history":[{"count":13,"href":"https:\/\/dpd2.ase.ro\/index.php?rest_route=\/wp\/v2\/pages\/13\/revisions"}],"predecessor-version":[{"id":79,"href":"https:\/\/dpd2.ase.ro\/index.php?rest_route=\/wp\/v2\/pages\/13\/revisions\/79"}],"wp:attachment":[{"href":"https:\/\/dpd2.ase.ro\/index.php?rest_route=%2Fwp%2Fv2%2Fmedia&parent=13"}],"curies":[{"name":"wp","href":"https:\/\/api.w.org\/{rel}","templated":true}]}}