{"id":60,"date":"2023-02-27T06:09:26","date_gmt":"2023-02-27T06:09:26","guid":{"rendered":"https:\/\/dpd2.ase.ro\/?page_id=60"},"modified":"2023-06-19T16:36:42","modified_gmt":"2023-06-19T16:36:42","slug":"despre-noi","status":"publish","type":"page","link":"https:\/\/dpd2.ase.ro\/?page_id=60","title":{"rendered":"Ultimele stiri"},"content":{"rendered":"\n<h2 class=\"has-text-align-left has-medium-font-size wp-block-heading\"><strong>Modul 1 &#8211; Sp\u0103larea banilor \u2013 3-6 aprilie 2023 <\/strong><\/h2>\n\n\n\n<p>\u00cen cadrul programului postuniversitar \u201e<em>Consolidarea capacit\u0103\u021bilor na\u021bionale \u00een domeniul cooper\u0103rii poli\u021biene\u0219ti interna\u021bionale \u0219i combaterea criminalit\u0103\u021bii<\/em>\u201d realizat de Inspectoratul General al Politiei Romane \u00een parteneriat cu ASE Bucure\u0219ti, cursan\u021bii au \u00eencheiat cu succes Modului 1. Spalarea Banilor. Cursurile au fost sus\u021binute de conf.univ.dr. Virgil Damian \u0219i lect.univ.dr. Teodor Manea, lectorii ASE Bucure\u0219ti \u0219i specialistii din practic\u0103. Dezbaterile au vizat procesele de sp\u0103lare a banilor, prevenirea \u0219i combaterea acestui fenomen, dar \u0219i reglement\u0103ri specifice \u00een domeniu. <\/p>\n\n\n\n<p><\/p>\n\n\n\n<p class=\"has-medium-font-size\"><strong>Modulul 2 Piata de capital 24- 28 aprilie 2023<\/strong><\/p>\n\n\n\n<p>In perioada 24-28 aprilie cursan\u0163ii sunt a\u015ftepta\u0163i s\u0103 participe la sesiunile online ale modulului 2 Pia\u0163a de capital, parte a programului postuniversitar de Specializare in domeniul investigatiilor financiare si criminalitatii economice organizat \u00een cadrul Proiectului PDP2. Modulul este sus\u0163inut de: Prof.univ.dr. Nicolae Moroianu, Conf.univ.dr. Carmen Obreja, Conf.univ.dr. Virgil Damian, Drd Ileana Botez, expert.<\/p>\n\n\n\n<p>Succes!<\/p>\n\n\n\n<p><\/p>\n\n\n\n<p><strong>Modulul 3 Investiga\u0163ia financiar\u0103 \u015fi recuperarea prejudiciului 8-11 mai 2023<\/strong><\/p>\n\n\n\n<p>Accesul la sesiunile online ale modulului 3 Investiga\u0163ia financiar\u0103 \u015fi recuperarea prejudiciului, parte a programului postuniversitar de Specializare in domeniul investigatiilor financiare si criminalitatii economice este acordat in perioada 8-11 mai organizat \u00een cadrul Proiectului PDP2. Modulul este sus\u0163inut de: Prof.univ.dr. Hora\u0163iu Radu, Neculai C\u00e2rlescu, expert,  Claudiu Dumitrescu, expert,  Simona Radu, expert, Horia Benga, expert.<\/p>\n\n\n\n<p>Spor tuturor!<\/p>\n\n\n\n<p><\/p>\n\n\n\n<p><strong>Modulul 4 Fraude intracomunitare 22-25 mai 2023<\/strong><\/p>\n\n\n\n<p>In perioada 22-25 mai 2023 au loc sesiunile online ale modulului 4\u00a0 Fraude intracomunitare, parte a programului postuniversitar de Specializare in domeniul investigatiilor financiare si criminalitatii economice organizat \u00een cadrul Proiectului PDP2. Modulul este sus\u0163inut de: Conf.univ.dr. Florin Dobre, expert, Conf.univ.dr. Delia Cataram\u0103, expert,  Conf.univ.dr. Radu Ciobanu, expert.<\/p>\n\n\n\n<p>Succes!<\/p>\n\n\n\n<p><strong>Modulul 5 Fraudele in domeniul comertului cu produse accizabil 7-9 iunie 2023<\/strong><\/p>\n\n\n\n<p>In perioada 7-9 iunie cursan\u0163ii sunt a\u015ftepta\u0163i s\u0103 participe la sesiunile online ale modulului 5 Fraudele in domeniul comertului cu produse accizabil, parte a programului postuniversitar de Specializare in domeniul investigatiilor financiare si criminalitatii economice organizat \u00een cadrul Proiectului PDP2. Modulul este sus\u0163inut de: Prof.univ.dr. Andreea Stoian, Conf.univ.dr. Nicoleta Vintil\u0103, Livia B\u0103descu, expert.<\/p>\n\n\n\n<p>Spor tuturor!<\/p>\n","protected":false},"excerpt":{"rendered":"<p>Modul 1 &#8211; Sp\u0103larea banilor \u2013 3-6 aprilie 2023 \u00cen cadrul programului postuniversitar \u201eConsolidarea capacit\u0103\u021bilor na\u021bionale \u00een domeniul cooper\u0103rii poli\u021biene\u0219ti interna\u021bionale \u0219i combaterea criminalit\u0103\u021bii\u201d realizat de Inspectoratul General al Politiei Romane \u00een parteneriat cu ASE Bucure\u0219ti, cursan\u021bii au \u00eencheiat cu succes Modului 1. Spalarea Banilor. Cursurile au fost sus\u021binute de [&hellip;]<\/p>\n","protected":false},"author":1,"featured_media":0,"parent":0,"menu_order":0,"comment_status":"closed","ping_status":"closed","template":"","meta":{"footnotes":""},"class_list":["post-60","page","type-page","status-publish","hentry"],"_links":{"self":[{"href":"https:\/\/dpd2.ase.ro\/index.php?rest_route=\/wp\/v2\/pages\/60","targetHints":{"allow":["GET"]}}],"collection":[{"href":"https:\/\/dpd2.ase.ro\/index.php?rest_route=\/wp\/v2\/pages"}],"about":[{"href":"https:\/\/dpd2.ase.ro\/index.php?rest_route=\/wp\/v2\/types\/page"}],"author":[{"embeddable":true,"href":"https:\/\/dpd2.ase.ro\/index.php?rest_route=\/wp\/v2\/users\/1"}],"replies":[{"embeddable":true,"href":"https:\/\/dpd2.ase.ro\/index.php?rest_route=%2Fwp%2Fv2%2Fcomments&post=60"}],"version-history":[{"count":3,"href":"https:\/\/dpd2.ase.ro\/index.php?rest_route=\/wp\/v2\/pages\/60\/revisions"}],"predecessor-version":[{"id":82,"href":"https:\/\/dpd2.ase.ro\/index.php?rest_route=\/wp\/v2\/pages\/60\/revisions\/82"}],"wp:attachment":[{"href":"https:\/\/dpd2.ase.ro\/index.php?rest_route=%2Fwp%2Fv2%2Fmedia&parent=60"}],"curies":[{"name":"wp","href":"https:\/\/api.w.org\/{rel}","templated":true}]}}